{"id":23974,"date":"2021-02-05T12:20:41","date_gmt":"2021-02-05T11:20:41","guid":{"rendered":"https:\/\/nh-oring.de\/imprint\/"},"modified":"2025-02-05T09:17:56","modified_gmt":"2025-02-05T08:17:56","slug":"imprint","status":"publish","type":"page","link":"https:\/\/nh-oring.de\/en\/imprint\/","title":{"rendered":"Imprint"},"content":{"rendered":"\t\t<div data-elementor-type=\"wp-page\" data-elementor-id=\"23974\" class=\"elementor elementor-23974 elementor-1686\" data-elementor-post-type=\"page\">\n\t\t\t\t\t\t<section class=\"elementor-section elementor-top-section elementor-element elementor-element-578950b3 elementor-section-boxed elementor-section-height-default elementor-section-height-default\" data-id=\"578950b3\" data-element_type=\"section\" data-e-type=\"section\">\n\t\t\t\t\t\t<div class=\"elementor-container elementor-column-gap-default\">\n\t\t\t\t\t<div class=\"elementor-column elementor-col-100 elementor-top-column elementor-element elementor-element-e7378b7\" data-id=\"e7378b7\" data-element_type=\"column\" data-e-type=\"column\">\n\t\t\t<div class=\"elementor-widget-wrap elementor-element-populated\">\n\t\t\t\t\t\t<div class=\"elementor-element elementor-element-1c57633c elementor-widget elementor-widget-text-editor\" data-id=\"1c57633c\" data-element_type=\"widget\" data-e-type=\"widget\" data-widget_type=\"text-editor.default\">\n\t\t\t\t<div class=\"elementor-widget-container\">\n\t\t\t\t\t\t\t\t\t<p><strong>The company<\/strong><br>NH O-RING GmbH &amp; Co. KG<br>Emil-Gerk-Stra\u00dfe 4<br>D-36137 Gro\u00dfenl\u00fcder<br>Managing Director Dieter Bickert<br>AG Fulda HRA 6662<\/p>\n<p><strong>General partner<\/strong><br>NH O-RING Verwaltungs GmbH<br>Emil-Gerk-Stra\u00dfe 4<br>D-36137 Gro\u00dfenl\u00fcder<br>Managing Director Dieter Bickert<br>AG Fulda HRB 8945<\/p>\n<h2>Contact<\/h2>\n<p>Phone: +49 (0) 6648 &#8211; 628 969 0<br>Fax: +49 (0) 6648 &#8211; 628 969 1<br>E-mail: info@nh-oring.de<\/p>\n<h2>Sales tax ID<\/h2>\n<p>Sales tax identification number according to \u00a7 27 a Umsatzsteuergesetz:<br><span style=\"font-family: Arial, sans-serif; color: var( --e-global-color-text ); font-size: var( --e-global-typography-text-font-size ); font-weight: var( --e-global-typography-text-font-weight );\">DE451460831<\/span><\/p>\n<h2>Responsible for content<\/h2>\n<p>Luke Williams<br>Emil-Gerk Stra\u00dfe 4<br>D-36137 Gro\u00dfenl\u00fcder<\/p>\n<h2>EU Dispute Resolution<\/h2>\n<p>The European Commission provides a platform for online dispute resolution (ODR): <a href=\"https:\/\/ec.europa.eu\/consumers\/odr\" target=\"_blank\" rel=\"noreferrer noopener\">https:\/\/ec.europa.eu\/consumers\/odr.<\/a><br>You can find our e-mail address in the imprint above.<\/p>\n<h2>Consumer dispute resolution\/universal arbitration board<\/h2>\n<p>We are not willing or obliged to participate in dispute resolution proceedings before a consumer arbitration board.<\/p>\n<h3>Liability for contents<\/h3>\n<p>As a service provider, we are, in accordance with \u00a7 7 para.1 TMG is responsible for its own content on these pages under the general laws. According to \u00a7\u00a7 8 to 10 TMG, however, we are not obligated as a service provider to monitor transmitted or stored third-party information or to investigate circumstances that indicate illegal activity.<\/p>\n<p>Obligations to remove or block the use of information in accordance with general laws remain unaffected. However, liability in this regard is only possible from the time of knowledge of a concrete infringement. If we become aware of any such infringements, we will remove the content in question immediately.<\/p>\n<h3>Liability for links<\/h3>\n<p>Our offer contains links to external websites of third parties, on whose contents we have no influence. Therefore, we cannot assume any liability for these external contents. The respective provider or operator of the pages is always responsible for the content of the linked pages. The linked pages were checked for possible legal violations at the time of linking. Illegal contents were not recognizable at the time of linking.<\/p>\n<p>However, a permanent control of the contents of the linked pages is not reasonable without concrete evidence of a violation of the law. If we become aware of any infringements of the law, we will remove such links immediately.<\/p>\n<h3>Copyright<\/h3>\n<p>The content and works created by the site operators on these pages are subject to German copyright law. Duplication, processing, distribution, or any form of commercialization of such material beyond the scope of the copyright law shall require the prior written consent of its respective author or creator. Downloads and copies of this page are only permitted for private, non-commercial use.<\/p>\n<p>Insofar as the content on this page was not created by the operator, the copyrights of third parties are respected. In particular, third-party content is identified as such. Should you nevertheless become aware of a copyright infringement, please inform us accordingly. If we become aware of any infringements, we will remove such content immediately.<\/p>\t\t\t\t\t\t\t\t<\/div>\n\t\t\t\t<\/div>\n\t\t\t\t\t<\/div>\n\t\t<\/div>\n\t\t\t\t\t<\/div>\n\t\t<\/section>\n\t\t\t\t<\/div>\n\t\t","protected":false},"excerpt":{"rendered":"<p>The companyNH O-RING GmbH &amp; Co. KGEmil-Gerk-Stra\u00dfe 4D-36137 Gro\u00dfenl\u00fcderManaging Director Dieter BickertAG Fulda HRA 6662 General partnerNH O-RING Verwaltungs GmbHEmil-Gerk-Stra\u00dfe 4D-36137 Gro\u00dfenl\u00fcderManaging Director Dieter BickertAG Fulda HRB 8945 Contact Phone: +49 (0) 6648 &#8211; 628 969 0Fax: +49 (0) 6648 &#8211; 628 969 1E-mail: info@nh-oring.de Sales tax ID Sales tax identification number according to \u00a7 &#8230; <a title=\"Imprint\" class=\"read-more\" href=\"https:\/\/nh-oring.de\/en\/imprint\/\" aria-label=\"Read more about Imprint\">Read more<\/a><\/p>\n","protected":false},"author":2,"featured_media":0,"parent":0,"menu_order":0,"comment_status":"closed","ping_status":"closed","template":"","meta":{"footnotes":""},"class_list":["post-23974","page","type-page","status-publish"],"yoast_head":"<!-- This site is optimized with the Yoast SEO plugin v27.4 - https:\/\/yoast.com\/product\/yoast-seo-wordpress\/ -->\n<title>Imprint<\/title>\n<meta name=\"description\" content=\"The companyNH O-RING GmbH &amp; Co. KGEmil-Gerk-Stra\u00dfe 4D-36137 Gro\u00dfenl\u00fcderManaging Director Dieter BickertAG Fulda HRA 6662 General partnerNH O-RING\" \/>\n<meta name=\"robots\" content=\"noindex, nofollow\" \/>\n<meta property=\"og:locale\" content=\"en_US\" \/>\n<meta property=\"og:type\" content=\"article\" \/>\n<meta property=\"og:title\" content=\"Imprint\" \/>\n<meta property=\"og:description\" content=\"The companyNH O-RING GmbH &amp; Co. KGEmil-Gerk-Stra\u00dfe 4D-36137 Gro\u00dfenl\u00fcderManaging Director Dieter BickertAG Fulda HRA 6662 General partnerNH O-RING\" \/>\n<meta property=\"og:url\" content=\"https:\/\/nh-oring.de\/en\/imprint\/\" \/>\n<meta property=\"og:site_name\" content=\"NH O-RING - Einfacher geht\u00b4s nicht\" \/>\n<meta property=\"article:publisher\" content=\"https:\/\/www.facebook.com\/nh.oring\" \/>\n<meta property=\"article:modified_time\" content=\"2025-02-05T08:17:56+00:00\" \/>\n<meta name=\"twitter:card\" content=\"summary_large_image\" \/>\n<meta name=\"twitter:label1\" content=\"Est. reading time\" \/>\n\t<meta name=\"twitter:data1\" content=\"2 minutes\" \/>\n<script type=\"application\/ld+json\" class=\"yoast-schema-graph\">{\"@context\":\"https:\\\/\\\/schema.org\",\"@graph\":[{\"@type\":\"WebPage\",\"@id\":\"https:\\\/\\\/nh-oring.de\\\/en\\\/imprint\\\/\",\"url\":\"https:\\\/\\\/nh-oring.de\\\/en\\\/imprint\\\/\",\"name\":\"Imprint\",\"isPartOf\":{\"@id\":\"https:\\\/\\\/nh-oring.de\\\/en\\\/#website\"},\"datePublished\":\"2021-02-05T11:20:41+00:00\",\"dateModified\":\"2025-02-05T08:17:56+00:00\",\"description\":\"The companyNH O-RING GmbH &amp; Co. KGEmil-Gerk-Stra\u00dfe 4D-36137 Gro\u00dfenl\u00fcderManaging Director Dieter BickertAG Fulda HRA 6662 General partnerNH O-RING\",\"breadcrumb\":{\"@id\":\"https:\\\/\\\/nh-oring.de\\\/en\\\/imprint\\\/#breadcrumb\"},\"inLanguage\":\"en-US\",\"potentialAction\":[{\"@type\":\"ReadAction\",\"target\":[\"https:\\\/\\\/nh-oring.de\\\/en\\\/imprint\\\/\"]}]},{\"@type\":\"BreadcrumbList\",\"@id\":\"https:\\\/\\\/nh-oring.de\\\/en\\\/imprint\\\/#breadcrumb\",\"itemListElement\":[{\"@type\":\"ListItem\",\"position\":1,\"name\":\"Startseite\",\"item\":\"https:\\\/\\\/nh-oring.de\\\/en\\\/home\\\/\"},{\"@type\":\"ListItem\",\"position\":2,\"name\":\"Imprint\"}]},{\"@type\":\"WebSite\",\"@id\":\"https:\\\/\\\/nh-oring.de\\\/en\\\/#website\",\"url\":\"https:\\\/\\\/nh-oring.de\\\/en\\\/\",\"name\":\"NH O-RING - Einfacher geht\u00b4s nicht\",\"description\":\"Einfacher geht\u00b4s nicht\",\"publisher\":{\"@id\":\"https:\\\/\\\/nh-oring.de\\\/en\\\/#organization\"},\"potentialAction\":[{\"@type\":\"SearchAction\",\"target\":{\"@type\":\"EntryPoint\",\"urlTemplate\":\"https:\\\/\\\/nh-oring.de\\\/en\\\/?s={search_term_string}\"},\"query-input\":{\"@type\":\"PropertyValueSpecification\",\"valueRequired\":true,\"valueName\":\"search_term_string\"}}],\"inLanguage\":\"en-US\"},{\"@type\":\"Organization\",\"@id\":\"https:\\\/\\\/nh-oring.de\\\/en\\\/#organization\",\"name\":\"NH O-RING\",\"url\":\"https:\\\/\\\/nh-oring.de\\\/en\\\/\",\"logo\":{\"@type\":\"ImageObject\",\"inLanguage\":\"en-US\",\"@id\":\"https:\\\/\\\/nh-oring.de\\\/en\\\/#\\\/schema\\\/logo\\\/image\\\/\",\"url\":\"https:\\\/\\\/nh-oring.de\\\/wp-content\\\/uploads\\\/2021\\\/02\\\/NH-Logo-FE5050.png\",\"contentUrl\":\"https:\\\/\\\/nh-oring.de\\\/wp-content\\\/uploads\\\/2021\\\/02\\\/NH-Logo-FE5050.png\",\"width\":300,\"height\":296,\"caption\":\"NH O-RING\"},\"image\":{\"@id\":\"https:\\\/\\\/nh-oring.de\\\/en\\\/#\\\/schema\\\/logo\\\/image\\\/\"},\"sameAs\":[\"https:\\\/\\\/www.facebook.com\\\/nh.oring\",\"https:\\\/\\\/www.youtube.com\\\/channel\\\/UCpcfPc7x5QysN0h3RKKpplQ\"]}]}<\/script>\n<!-- \/ Yoast SEO plugin. -->","yoast_head_json":{"title":"Imprint","description":"The companyNH O-RING GmbH &amp; Co. KGEmil-Gerk-Stra\u00dfe 4D-36137 Gro\u00dfenl\u00fcderManaging Director Dieter BickertAG Fulda HRA 6662 General partnerNH O-RING","robots":{"index":"noindex","follow":"nofollow"},"og_locale":"en_US","og_type":"article","og_title":"Imprint","og_description":"The companyNH O-RING GmbH &amp; Co. KGEmil-Gerk-Stra\u00dfe 4D-36137 Gro\u00dfenl\u00fcderManaging Director Dieter BickertAG Fulda HRA 6662 General partnerNH O-RING","og_url":"https:\/\/nh-oring.de\/en\/imprint\/","og_site_name":"NH O-RING - Einfacher geht\u00b4s nicht","article_publisher":"https:\/\/www.facebook.com\/nh.oring","article_modified_time":"2025-02-05T08:17:56+00:00","twitter_card":"summary_large_image","twitter_misc":{"Est. reading time":"2 minutes"},"schema":{"@context":"https:\/\/schema.org","@graph":[{"@type":"WebPage","@id":"https:\/\/nh-oring.de\/en\/imprint\/","url":"https:\/\/nh-oring.de\/en\/imprint\/","name":"Imprint","isPartOf":{"@id":"https:\/\/nh-oring.de\/en\/#website"},"datePublished":"2021-02-05T11:20:41+00:00","dateModified":"2025-02-05T08:17:56+00:00","description":"The companyNH O-RING GmbH &amp; Co. KGEmil-Gerk-Stra\u00dfe 4D-36137 Gro\u00dfenl\u00fcderManaging Director Dieter BickertAG Fulda HRA 6662 General partnerNH O-RING","breadcrumb":{"@id":"https:\/\/nh-oring.de\/en\/imprint\/#breadcrumb"},"inLanguage":"en-US","potentialAction":[{"@type":"ReadAction","target":["https:\/\/nh-oring.de\/en\/imprint\/"]}]},{"@type":"BreadcrumbList","@id":"https:\/\/nh-oring.de\/en\/imprint\/#breadcrumb","itemListElement":[{"@type":"ListItem","position":1,"name":"Startseite","item":"https:\/\/nh-oring.de\/en\/home\/"},{"@type":"ListItem","position":2,"name":"Imprint"}]},{"@type":"WebSite","@id":"https:\/\/nh-oring.de\/en\/#website","url":"https:\/\/nh-oring.de\/en\/","name":"NH O-RING - Einfacher geht\u00b4s nicht","description":"Einfacher geht\u00b4s nicht","publisher":{"@id":"https:\/\/nh-oring.de\/en\/#organization"},"potentialAction":[{"@type":"SearchAction","target":{"@type":"EntryPoint","urlTemplate":"https:\/\/nh-oring.de\/en\/?s={search_term_string}"},"query-input":{"@type":"PropertyValueSpecification","valueRequired":true,"valueName":"search_term_string"}}],"inLanguage":"en-US"},{"@type":"Organization","@id":"https:\/\/nh-oring.de\/en\/#organization","name":"NH O-RING","url":"https:\/\/nh-oring.de\/en\/","logo":{"@type":"ImageObject","inLanguage":"en-US","@id":"https:\/\/nh-oring.de\/en\/#\/schema\/logo\/image\/","url":"https:\/\/nh-oring.de\/wp-content\/uploads\/2021\/02\/NH-Logo-FE5050.png","contentUrl":"https:\/\/nh-oring.de\/wp-content\/uploads\/2021\/02\/NH-Logo-FE5050.png","width":300,"height":296,"caption":"NH O-RING"},"image":{"@id":"https:\/\/nh-oring.de\/en\/#\/schema\/logo\/image\/"},"sameAs":["https:\/\/www.facebook.com\/nh.oring","https:\/\/www.youtube.com\/channel\/UCpcfPc7x5QysN0h3RKKpplQ"]}]}},"_links":{"self":[{"href":"https:\/\/nh-oring.de\/en\/wp-json\/wp\/v2\/pages\/23974","targetHints":{"allow":["GET"]}}],"collection":[{"href":"https:\/\/nh-oring.de\/en\/wp-json\/wp\/v2\/pages"}],"about":[{"href":"https:\/\/nh-oring.de\/en\/wp-json\/wp\/v2\/types\/page"}],"author":[{"embeddable":true,"href":"https:\/\/nh-oring.de\/en\/wp-json\/wp\/v2\/users\/2"}],"replies":[{"embeddable":true,"href":"https:\/\/nh-oring.de\/en\/wp-json\/wp\/v2\/comments?post=23974"}],"version-history":[{"count":5,"href":"https:\/\/nh-oring.de\/en\/wp-json\/wp\/v2\/pages\/23974\/revisions"}],"predecessor-version":[{"id":30902,"href":"https:\/\/nh-oring.de\/en\/wp-json\/wp\/v2\/pages\/23974\/revisions\/30902"}],"wp:attachment":[{"href":"https:\/\/nh-oring.de\/en\/wp-json\/wp\/v2\/media?parent=23974"}],"curies":[{"name":"wp","href":"https:\/\/api.w.org\/{rel}","templated":true}]}}